{"id":207,"date":"2026-05-15T23:27:42","date_gmt":"2026-05-15T23:27:42","guid":{"rendered":"https:\/\/yannbelloir.fr\/?page_id=207"},"modified":"2026-05-15T23:30:22","modified_gmt":"2026-05-15T23:30:22","slug":"actualites","status":"publish","type":"page","link":"https:\/\/yannbelloir.fr\/index.php\/actualites\/","title":{"rendered":"Actualit\u00e9s"},"content":{"rendered":"\n<div style=\"height:50px\" aria-hidden=\"true\" class=\"wp-block-spacer\"><\/div>\n\n\n<ul class=\"wp-block-latest-posts__list has-dates wp-block-latest-posts\"><li><div class=\"wp-block-latest-posts__featured-image\"><img loading=\"lazy\" decoding=\"async\" width=\"150\" height=\"150\" src=\"https:\/\/yannbelloir.fr\/wp-content\/uploads\/2026\/05\/Article_04-150x150.png\" class=\"attachment-thumbnail size-thumbnail wp-post-image\" alt=\"\" style=\"\" \/><\/div><a class=\"wp-block-latest-posts__post-title\" href=\"https:\/\/yannbelloir.fr\/index.php\/2026\/05\/16\/ce-que-les-expressions-japonaises-peuvent-nous-apprendre-sur-le-monde-du-travail\/\">Ce que les expressions japonaises peuvent nous apprendre sur le monde du travail<\/a><time datetime=\"2026-05-16T00:02:50+00:00\" class=\"wp-block-latest-posts__post-date\">16 mai 2026<\/time><div class=\"wp-block-latest-posts__post-excerpt\">Depuis quelque temps, je m\u2019int\u00e9resse beaucoup \u00e0 certaines expressions japonaises. Pas seulement pour leur po\u00e9sie ou leur exotisme apparent, mais parce qu\u2019elles traduisent souvent avec beaucoup de simplicit\u00e9 des v\u00e9rit\u00e9s humaines et professionnelles extr\u00eamement justes. Ce que j\u2019aime particuli\u00e8rement dans\u2026 <a class=\"wp-block-latest-posts__read-more\" href=\"https:\/\/yannbelloir.fr\/index.php\/2026\/05\/16\/ce-que-les-expressions-japonaises-peuvent-nous-apprendre-sur-le-monde-du-travail\/\" rel=\"noopener noreferrer\">Lire la suite<span class=\"screen-reader-text\">\u00a0: Ce que les expressions japonaises peuvent nous apprendre sur le monde du travail<\/span><\/a><\/div><\/li>\n<li><div class=\"wp-block-latest-posts__featured-image\"><img loading=\"lazy\" decoding=\"async\" width=\"150\" height=\"150\" src=\"https:\/\/yannbelloir.fr\/wp-content\/uploads\/2026\/05\/Article_03-150x150.png\" class=\"attachment-thumbnail size-thumbnail wp-post-image\" alt=\"\" style=\"\" \/><\/div><a class=\"wp-block-latest-posts__post-title\" href=\"https:\/\/yannbelloir.fr\/index.php\/2026\/05\/04\/les-dix-prochaines-annees-pourquoi-le-lien-humain-deviendra-encore-plus-essentiel\/\">Les dix prochaines ann\u00e9es : pourquoi le lien humain deviendra encore plus essentiel<\/a><time datetime=\"2026-05-04T23:55:29+00:00\" class=\"wp-block-latest-posts__post-date\">4 mai 2026<\/time><div class=\"wp-block-latest-posts__post-excerpt\">Nous entrons dans une p\u00e9riode de transformations majeures. Transitions technologiques, \u00e9volutions environnementales, mutations \u00e9conomiques, nouvelles attentes sociales, r\u00e9organisation du travail, automatisation, intelligence artificielle\u2026 Les dix prochaines ann\u00e9es vont profond\u00e9ment modifier notre rapport au travail. Mais au milieu de toutes ces\u2026 <a class=\"wp-block-latest-posts__read-more\" href=\"https:\/\/yannbelloir.fr\/index.php\/2026\/05\/04\/les-dix-prochaines-annees-pourquoi-le-lien-humain-deviendra-encore-plus-essentiel\/\" rel=\"noopener noreferrer\">Lire la suite<span class=\"screen-reader-text\">\u00a0: Les dix prochaines ann\u00e9es : pourquoi le lien humain deviendra encore plus essentiel<\/span><\/a><\/div><\/li>\n<li><div class=\"wp-block-latest-posts__featured-image\"><img loading=\"lazy\" decoding=\"async\" width=\"150\" height=\"150\" src=\"https:\/\/yannbelloir.fr\/wp-content\/uploads\/2026\/05\/Article_02-150x150.png\" class=\"attachment-thumbnail size-thumbnail wp-post-image\" alt=\"\" style=\"\" \/><\/div><a class=\"wp-block-latest-posts__post-title\" href=\"https:\/\/yannbelloir.fr\/index.php\/2026\/04\/27\/faut-il-avoir-peur-de-lintelligence-artificielle\/\">Faut-il avoir peur de l\u2019intelligence artificielle ?<\/a><time datetime=\"2026-04-27T23:45:35+00:00\" class=\"wp-block-latest-posts__post-date\">27 avril 2026<\/time><div class=\"wp-block-latest-posts__post-excerpt\">Chaque r\u00e9volution technologique provoque son lot d\u2019inqui\u00e9tudes. L\u2019intelligence artificielle n\u2019\u00e9chappe pas \u00e0 cette r\u00e8gle. On entend souvent qu\u2019elle va remplacer les m\u00e9tiers, d\u00e9shumaniser les relations ou rendre certaines comp\u00e9tences obsol\u00e8tes. Pourtant, lorsqu\u2019on prend un peu de recul historique, on r\u00e9alise\u2026 <a class=\"wp-block-latest-posts__read-more\" href=\"https:\/\/yannbelloir.fr\/index.php\/2026\/04\/27\/faut-il-avoir-peur-de-lintelligence-artificielle\/\" rel=\"noopener noreferrer\">Lire la suite<span class=\"screen-reader-text\">\u00a0: Faut-il avoir peur de l\u2019intelligence artificielle ?<\/span><\/a><\/div><\/li>\n<li><div class=\"wp-block-latest-posts__featured-image\"><img loading=\"lazy\" decoding=\"async\" width=\"150\" height=\"150\" src=\"https:\/\/yannbelloir.fr\/wp-content\/uploads\/2026\/05\/Article_01-150x150.png\" class=\"attachment-thumbnail size-thumbnail wp-post-image\" alt=\"\" style=\"\" \/><\/div><a class=\"wp-block-latest-posts__post-title\" href=\"https:\/\/yannbelloir.fr\/index.php\/2026\/04\/13\/les-profils-atypiques-les-nouveaux-couteaux-suisses-du-monde-professionnel\/\">Les profils atypiques : les nouveaux \u201ccouteaux suisses\u201d du monde professionnel<\/a><time datetime=\"2026-04-13T23:38:12+00:00\" class=\"wp-block-latest-posts__post-date\">13 avril 2026<\/time><div class=\"wp-block-latest-posts__post-excerpt\">Pendant longtemps, le monde du travail a valoris\u00e9 les trajectoires lin\u00e9aires. On faisait \u201cune \u00e9cole\u201d, puis \u201cun m\u00e9tier\u201d, puis \u201cune carri\u00e8re\u201d.Chaque comp\u00e9tence devait entrer dans une case clairement identifi\u00e9e. Mais le monde a chang\u00e9. Aujourd\u2019hui, les organisations \u00e9voluent dans un\u2026 <a class=\"wp-block-latest-posts__read-more\" href=\"https:\/\/yannbelloir.fr\/index.php\/2026\/04\/13\/les-profils-atypiques-les-nouveaux-couteaux-suisses-du-monde-professionnel\/\" rel=\"noopener noreferrer\">Lire la suite<span class=\"screen-reader-text\">\u00a0: Les profils atypiques : les nouveaux \u201ccouteaux suisses\u201d du monde professionnel<\/span><\/a><\/div><\/li>\n<\/ul>","protected":false},"excerpt":{"rendered":"","protected":false},"author":1,"featured_media":0,"parent":0,"menu_order":0,"comment_status":"closed","ping_status":"closed","template":"","meta":{"footnotes":""},"class_list":["post-207","page","type-page","status-publish","hentry"],"_links":{"self":[{"href":"https:\/\/yannbelloir.fr\/index.php\/wp-json\/wp\/v2\/pages\/207","targetHints":{"allow":["GET"]}}],"collection":[{"href":"https:\/\/yannbelloir.fr\/index.php\/wp-json\/wp\/v2\/pages"}],"about":[{"href":"https:\/\/yannbelloir.fr\/index.php\/wp-json\/wp\/v2\/types\/page"}],"author":[{"embeddable":true,"href":"https:\/\/yannbelloir.fr\/index.php\/wp-json\/wp\/v2\/users\/1"}],"replies":[{"embeddable":true,"href":"https:\/\/yannbelloir.fr\/index.php\/wp-json\/wp\/v2\/comments?post=207"}],"version-history":[{"count":3,"href":"https:\/\/yannbelloir.fr\/index.php\/wp-json\/wp\/v2\/pages\/207\/revisions"}],"predecessor-version":[{"id":211,"href":"https:\/\/yannbelloir.fr\/index.php\/wp-json\/wp\/v2\/pages\/207\/revisions\/211"}],"wp:attachment":[{"href":"https:\/\/yannbelloir.fr\/index.php\/wp-json\/wp\/v2\/media?parent=207"}],"curies":[{"name":"wp","href":"https:\/\/api.w.org\/{rel}","templated":true}]}}